{"id":13,"date":"2023-05-19T19:28:43","date_gmt":"2023-05-19T22:28:43","guid":{"rendered":"http:\/\/filtro.art.br\/?page_id=13"},"modified":"2023-05-19T19:42:24","modified_gmt":"2023-05-19T22:42:24","slug":"inicio","status":"publish","type":"page","link":"https:\/\/filtro.art.br\/","title":{"rendered":"In\u00edcio"},"content":{"rendered":"<p>[et_pb_section fb_built=&#8221;1&#8243; _builder_version=&#8221;4.21.0&#8243; _module_preset=&#8221;default&#8221; background_image=&#8221;https:\/\/filtro.art.br\/wp-content\/uploads\/2023\/05\/FiltroArt-Banner.jpg&#8221; global_colors_info=&#8221;{}&#8221; custom_padding=&#8221;435px||50px|||&#8221;][et_pb_row _builder_version=&#8221;4.21.0&#8243; _module_preset=&#8221;default&#8221; global_colors_info=&#8221;{}&#8221; custom_padding=&#8221;0px|||||&#8221;][et_pb_column type=&#8221;4_4&#8243; _builder_version=&#8221;4.21.0&#8243; _module_preset=&#8221;default&#8221; global_colors_info=&#8221;{}&#8221;][et_pb_text _builder_version=&#8221;4.21.0&#8243; _module_preset=&#8221;default&#8221; text_text_color=&#8221;#fdc501&#8243; header_font=&#8221;Raleway||||||||&#8221; header_text_align=&#8221;center&#8221; header_text_color=&#8221;#fdc501&#8243; header_font_size=&#8221;40px&#8221; global_colors_info=&#8221;{}&#8221;]<\/p>\n<h1>Bem-vindo \u00e0 mais nova impulsionadora de\u00a0artistas e social-influencers do Brasil.<\/h1>\n<p>[\/et_pb_text][et_pb_text _builder_version=&#8221;4.21.0&#8243; _module_preset=&#8221;default&#8221; header_2_font=&#8221;Raleway|500|||||||&#8221; header_2_text_align=&#8221;center&#8221; header_2_text_color=&#8221;#FFFFFF&#8221; header_2_font_size=&#8221;30px&#8221; global_colors_info=&#8221;{}&#8221;]<\/p>\n<h2>M\u00fasicos, Escritores, Bloggers, YouTubers e Profissionais Liberais<\/h2>\n<p>[\/et_pb_text][\/et_pb_column][\/et_pb_row][\/et_pb_section][et_pb_section fb_built=&#8221;1&#8243; theme_builder_area=&#8221;post_content&#8221; _builder_version=&#8221;4.21.0&#8243; _module_preset=&#8221;default&#8221; background_color=&#8221;#111417&#8243; hover_enabled=&#8221;0&#8243; sticky_enabled=&#8221;0&#8243;][et_pb_row _builder_version=&#8221;4.21.0&#8243; _module_preset=&#8221;default&#8221; theme_builder_area=&#8221;post_content&#8221;][et_pb_column _builder_version=&#8221;4.21.0&#8243; _module_preset=&#8221;default&#8221; type=&#8221;4_4&#8243; theme_builder_area=&#8221;post_content&#8221;][et_pb_text _builder_version=&#8221;4.21.0&#8243; _module_preset=&#8221;default&#8221; text_text_color=&#8221;#fdc501&#8243; header_font=&#8221;Raleway||||||||&#8221; header_text_align=&#8221;center&#8221; header_text_color=&#8221;#fdc501&#8243; header_font_size=&#8221;40px&#8221; hover_enabled=&#8221;0&#8243; global_colors_info=&#8221;{}&#8221; theme_builder_area=&#8221;post_content&#8221; sticky_enabled=&#8221;0&#8243; header_2_font=&#8221;Raleway||||||||&#8221;]<\/p>\n<h2 style=\"text-align: center;\"><span style=\"color: #ffcc00;\">Veja o que a Filtro pode fazer por voc\u00ea<\/span><\/h2>\n<p>[\/et_pb_text][et_pb_text _builder_version=&#8221;4.21.0&#8243; _module_preset=&#8221;default&#8221; theme_builder_area=&#8221;post_content&#8221; hover_enabled=&#8221;0&#8243; sticky_enabled=&#8221;0&#8243; text_font=&#8221;Open Sans||||||||&#8221; text_text_color=&#8221;#FFFFFF&#8221; text_font_size=&#8221;16px&#8221; text_line_height=&#8221;2.2em&#8221;]<\/p>\n<div><span>\u2022 Produ\u00e7\u00e3o de v\u00eddeo e imagens para m\u00eddias sociais \u2022 Gera\u00e7\u00e3o de conte\u00fado \u2022 Produ\u00e7\u00e3o musical e art\u00edstica \u2022 Assessoria de marketing\u00a0<\/span><\/div>\n<div><span>\u2022\u00a0<\/span><span>Cria\u00e7\u00e3o de estrat\u00e9gias de lan\u00e7amentos \u2022 Design Gr\u00e1fico e Publicidade \u2022 Promo\u00e7\u00e3o e divulga\u00e7\u00e3o \u2022 Projetos para patroc\u00ednio e incentivo\u00a0<\/span><\/div>\n<div><span>\u2022 Arranjo, composi\u00e7\u00e3o e grava\u00e7\u00e3o musical \u2022 Produ\u00e7\u00e3o de videoclipes \u2022 Fotografia \u2022 Agenciamento de shows, exibi\u00e7\u00f5es e eventos<\/span><\/div>\n<p>[\/et_pb_text][\/et_pb_column][\/et_pb_row][\/et_pb_section]<\/p>\n","protected":false},"excerpt":{"rendered":"<p>Bem-vindo \u00e0 mais nova impulsionadora de\u00a0artistas e social-influencers do Brasil.M\u00fasicos, Escritores, Bloggers, YouTubers e Profissionais LiberaisVeja o que a Filtro pode fazer por voc\u00ea\u2022 Produ\u00e7\u00e3o de v\u00eddeo e imagens para m\u00eddias sociais \u2022 Gera\u00e7\u00e3o de conte\u00fado \u2022 Produ\u00e7\u00e3o musical e art\u00edstica \u2022 Assessoria de marketing\u00a0 \u2022\u00a0Cria\u00e7\u00e3o de estrat\u00e9gias de lan\u00e7amentos \u2022 Design Gr\u00e1fico e Publicidade [&hellip;]<\/p>\n","protected":false},"author":1,"featured_media":0,"parent":0,"menu_order":0,"comment_status":"closed","ping_status":"closed","template":"","meta":{"_et_pb_use_builder":"on","_et_pb_old_content":"","_et_gb_content_width":""},"_links":{"self":[{"href":"https:\/\/filtro.art.br\/index.php\/wp-json\/wp\/v2\/pages\/13"}],"collection":[{"href":"https:\/\/filtro.art.br\/index.php\/wp-json\/wp\/v2\/pages"}],"about":[{"href":"https:\/\/filtro.art.br\/index.php\/wp-json\/wp\/v2\/types\/page"}],"author":[{"embeddable":true,"href":"https:\/\/filtro.art.br\/index.php\/wp-json\/wp\/v2\/users\/1"}],"replies":[{"embeddable":true,"href":"https:\/\/filtro.art.br\/index.php\/wp-json\/wp\/v2\/comments?post=13"}],"version-history":[{"count":8,"href":"https:\/\/filtro.art.br\/index.php\/wp-json\/wp\/v2\/pages\/13\/revisions"}],"predecessor-version":[{"id":25,"href":"https:\/\/filtro.art.br\/index.php\/wp-json\/wp\/v2\/pages\/13\/revisions\/25"}],"wp:attachment":[{"href":"https:\/\/filtro.art.br\/index.php\/wp-json\/wp\/v2\/media?parent=13"}],"curies":[{"name":"wp","href":"https:\/\/api.w.org\/{rel}","templated":true}]}}